{"id":228,"date":"2014-09-21T16:41:26","date_gmt":"2014-09-21T15:41:26","guid":{"rendered":"http:\/\/estang.no\/?page_id=228"},"modified":"2016-02-09T15:29:06","modified_gmt":"2016-02-09T14:29:06","slug":"farfar-johan-ludvig","status":"publish","type":"page","link":"https:\/\/estang.no\/?page_id=228","title":{"rendered":"Farfar &#8211; Johan"},"content":{"rendered":"<p>&nbsp;<\/p>\n<p><a href=\"https:\/\/estang.no\/wp-content\/uploads\/2014\/09\/Johan-Ludvig-Stang-rektor.jpg\"><img decoding=\"async\" loading=\"lazy\" class=\"alignnone wp-image-230\" src=\"https:\/\/estang.no\/wp-content\/uploads\/2014\/09\/Johan-Ludvig-Stang-rektor-199x300.jpg\" alt=\"Johan Ludvig Stang - rektor\" width=\"105\" height=\"158\" srcset=\"https:\/\/estang.no\/wp-content\/uploads\/2014\/09\/Johan-Ludvig-Stang-rektor-199x300.jpg 199w, https:\/\/estang.no\/wp-content\/uploads\/2014\/09\/Johan-Ludvig-Stang-rektor.jpg 253w\" sizes=\"(max-width: 105px) 100vw, 105px\" \/><\/a><\/p>\n<p><span style=\"color: #000000;\"><a style=\"color: #000000;\" href=\"http:\/\/no.wikipedia.org\/w\/index.php?title=Johan_Ludvig_Heyerdahl_Stang&amp;action=edit&amp;redlink=1\">Johan Ludvig Heyerdahl Stang<\/a><\/span> (1874-1945) var min farfar. Skolemann og til slutt rektor ved katedralskolen i Kristiansand.<\/p>\n<p>Han var f\u00f8dt 29. mars 1874 p\u00e5 presteg\u00e5rden i Aremark. S\u00f8nn av personlig kapellan der Edvard Christopher (Kristoffer) ogs\u00e5 kalt EK som senere ble sogneprest i Askim, og Fanny Andrea (Oftedahl) Heyerdahl. D\u00f8pt 15. mai 1874 i Aremark kirke. Gift med Emilie Charlotte Milberg 25. juli 1901 i Dybv\u00e5g kirke ved Bor\u00f8en, n\u00e6r Tvedestrand. D\u00f8d 11. mai 1945 i Oslo.<\/p>\n<p>Oppvokst i Mo i Telemark hvor hans far var sogneprest. Flyttet s\u00e5 til Slemdal\/Siljan ved Skien i 1887, og samme \u00e5r meldt inn p\u00e5 Skien latinskole. Middelskoleeksamen 9. juli 1890 fra Skien offentlig h\u00f8yere allmennskole. Eksamen artium 10. juli 1893 samme sted (latin og gresk),Laudabilis. Forberedende eksamen i filiosofi 1894 laud presceteris.<\/p>\n<p>og spr\u00e5klig-historisk embetseksamen 22. desember 1900, Laudabilis, med hovedfag engelsk, tysk og morsm\u00e5l med \u00abOldnorsk\u00bb.<\/p>\n<p>Konstituert som adjunkt ved Kristiansand Katedralskole, 1903.\u00a0 Ansatt som adjunkt ved Kristiansand katedralskole 1901 \u2013 12. Overl\u00e6rer ved 3. brigades underoffiserskole 1912-14. Overl\u00e6rer og lektor ved Hamar Katedralskole 1. august 1914-27. Overl\u00e6rerstillingene ble omgjort til lektorstillinger etter 1. verdenskrig. Fast ansettelse fra 18. mars 1921. Konstituert rektor ved Kristiansands katedralskole 1. august 1927, og virket frem til 1941.<\/p>\n","protected":false},"excerpt":{"rendered":"<p>&nbsp; Johan Ludvig Heyerdahl Stang (1874-1945) var min farfar. Skolemann og til slutt rektor ved katedralskolen i Kristiansand. Han var f\u00f8dt 29. mars 1874 p\u00e5 presteg\u00e5rden i Aremark. S\u00f8nn av personlig kapellan der Edvard Christopher (Kristoffer) ogs\u00e5 kalt EK som senere ble sogneprest i Askim, og Fanny Andrea (Oftedahl) Heyerdahl. D\u00f8pt 15. mai 1874 i [&hellip;]<\/p>\n","protected":false},"author":4,"featured_media":0,"parent":12,"menu_order":3,"comment_status":"closed","ping_status":"closed","template":"","meta":[],"_links":{"self":[{"href":"https:\/\/estang.no\/index.php?rest_route=\/wp\/v2\/pages\/228"}],"collection":[{"href":"https:\/\/estang.no\/index.php?rest_route=\/wp\/v2\/pages"}],"about":[{"href":"https:\/\/estang.no\/index.php?rest_route=\/wp\/v2\/types\/page"}],"author":[{"embeddable":true,"href":"https:\/\/estang.no\/index.php?rest_route=\/wp\/v2\/users\/4"}],"replies":[{"embeddable":true,"href":"https:\/\/estang.no\/index.php?rest_route=%2Fwp%2Fv2%2Fcomments&post=228"}],"version-history":[{"count":8,"href":"https:\/\/estang.no\/index.php?rest_route=\/wp\/v2\/pages\/228\/revisions"}],"predecessor-version":[{"id":281,"href":"https:\/\/estang.no\/index.php?rest_route=\/wp\/v2\/pages\/228\/revisions\/281"}],"up":[{"embeddable":true,"href":"https:\/\/estang.no\/index.php?rest_route=\/wp\/v2\/pages\/12"}],"wp:attachment":[{"href":"https:\/\/estang.no\/index.php?rest_route=%2Fwp%2Fv2%2Fmedia&parent=228"}],"curies":[{"name":"wp","href":"https:\/\/api.w.org\/{rel}","templated":true}]}}