{"id":2,"date":"2013-12-11T10:35:42","date_gmt":"2013-12-11T10:35:42","guid":{"rendered":"http:\/\/local.wordpress.dev\/?page_id=2"},"modified":"2018-09-10T14:43:51","modified_gmt":"2018-09-10T13:43:51","slug":"sample-page","status":"publish","type":"page","link":"https:\/\/estang.no\/","title":{"rendered":"Forsiden"},"content":{"rendered":"<p><span style=\"color: #800080;\">Gratulerer med at du fant, og kom til min hjemmeside. Jeg er<strong> autorisert Oslo-guide<\/strong> norsk\/engelsk, interessert i lokalhistorie, og har v\u00e6rt opptatt av samfunnet rundt oss i mesteparten av mitt liv. Jeg er ogs\u00e5 opptatt av\u00a0 familiens historie nu.<\/span><\/p>\n<p><span style=\"color: #3366ff;\">Congratulations to you finding me on the web. I am <strong>authorized as Oslo guide by Oslo City<\/strong>, Norwegian\/English.I devote my time now to local history, and I have been interested in the society around us in most of my lifetime.I am also looking into my familys history as well. \u00a0For some more\u00a0information on me \u00a0in English please\u00a0click: \u00a0Information in English.<\/span><\/p>\n<p><span style=\"color: #800080;\">Det er nu vel 5\u00a0\u00e5r siden jeg trakk meg tilbake fra &#8220;arbeidslivet&#8221;. Overgangen til \u00e5 v\u00e6re pensjonist p\u00e5 heltid er unnagjort.<\/span><\/p>\n<p><span style=\"color: #3366ff;\">It is more than five years since I retired. The transition periode is done.<\/span><\/p>\n<p><span style=\"color: #800080;\">Som autorisert Oslo-guide har jeg gode og fine oppdrag, men det meste er dessverre konsentrert om sommeren og &#8220;sommerferien&#8221; (noe vi pensjoniister ikke har?).<\/span><\/p>\n<p><span style=\"color: #3366ff;\">As an authorized Oslo-guide I have great jobs, but too bad &#8211; mostly in the summer when we have the &#8220;summer vacation&#8221; (something you do not have as a retired?)<\/span><\/p>\n<p><span style=\"color: #993366;\">Hjemmesiden er ment \u00e5 v\u00e6re en blanding av hva som opptar meg. F\u00f8l deg fri til \u00e5 ta kontakt, og gi meg utfordringer.<\/span><\/p>\n<p>T<span style=\"color: #3366ff;\">his homepage is meant to be a mix of what is on my mind. Most of the text will be in Norwegian. Please feel free to contact me, and to give me some challenges.<\/span><\/p>\n<p>Min bok om S\u00f8ndre Taasen Hovedgaard er utsolgt, og jeg har ikke tenkt \u00e5 lage 2. opplag.<\/p>\n<p>&nbsp;<\/p>\n<p>&nbsp;<\/p>\n<p>&nbsp;<\/p>\n","protected":false},"excerpt":{"rendered":"<p>Gratulerer med at du fant, og kom til min hjemmeside. Jeg er autorisert Oslo-guide norsk\/engelsk, interessert i lokalhistorie, og har v\u00e6rt opptatt av samfunnet rundt oss i mesteparten av mitt liv. Jeg er ogs\u00e5 opptatt av\u00a0 familiens historie nu. Congratulations to you finding me on the web. I am authorized as Oslo guide by Oslo [&hellip;]<\/p>\n","protected":false},"author":4,"featured_media":0,"parent":0,"menu_order":0,"comment_status":"open","ping_status":"open","template":"","meta":[],"_links":{"self":[{"href":"https:\/\/estang.no\/index.php?rest_route=\/wp\/v2\/pages\/2"}],"collection":[{"href":"https:\/\/estang.no\/index.php?rest_route=\/wp\/v2\/pages"}],"about":[{"href":"https:\/\/estang.no\/index.php?rest_route=\/wp\/v2\/types\/page"}],"author":[{"embeddable":true,"href":"https:\/\/estang.no\/index.php?rest_route=\/wp\/v2\/users\/4"}],"replies":[{"embeddable":true,"href":"https:\/\/estang.no\/index.php?rest_route=%2Fwp%2Fv2%2Fcomments&post=2"}],"version-history":[{"count":21,"href":"https:\/\/estang.no\/index.php?rest_route=\/wp\/v2\/pages\/2\/revisions"}],"predecessor-version":[{"id":327,"href":"https:\/\/estang.no\/index.php?rest_route=\/wp\/v2\/pages\/2\/revisions\/327"}],"wp:attachment":[{"href":"https:\/\/estang.no\/index.php?rest_route=%2Fwp%2Fv2%2Fmedia&parent=2"}],"curies":[{"name":"wp","href":"https:\/\/api.w.org\/{rel}","templated":true}]}}