{"id":178,"date":"2014-09-17T10:09:53","date_gmt":"2014-09-17T09:09:53","guid":{"rendered":"http:\/\/estang.no\/?page_id=178"},"modified":"2014-12-04T14:56:22","modified_gmt":"2014-12-04T13:56:22","slug":"mor","status":"publish","type":"page","link":"https:\/\/estang.no\/?page_id=178","title":{"rendered":"Mor &#8211; Gunvor"},"content":{"rendered":"<p>&nbsp;<\/p>\n<p><strong>Gunvor Stang<\/strong><\/p>\n<p>Min mor var f\u00f8dt 9. mai 1903 i Oslo, og d\u00f8de 1. oktober 1985 i Oslo. Foreldre var Hans L\u00f8drup, ( 1876 \u2013 1951 ), cand theol 1900, L\u00e6rer, prest og overl\u00e6rer ved Fagerborg og senere, fra 1930, rektor p\u00e5 Berg gymnas, Oslo. Hennes mor var Margit Eline Huseby f\u00f8dt p\u00e5 Grimelund g\u00e5rd, ( \u00a01884- \u00a01963). Mors far ble sj\u00f8mannsprest i Cardiff, s\u00e5 hun hadde skolegang der i \u00e5rene 1909-13, tok middelskoleeksamen som det het den gangen i 1919, og artium i 1922 p\u00e5 Fagerborg gymnas i Oslo. Familien bodde flere steder i Oslo. Familien kj\u00f8pte i 1914 S\u00f8ndre Taasen g\u00e5rd i Oslo som ble drevet som g\u00e5rdsbruk, og bodde der. L\u00e6rerskoleeksamen tok hun i 1923, forberedende ved Universitetet i 1923, og husmorskole fra Hiller\u00f8d i Danmark, 1924. Hun \u00f8nsket \u00e5 studere sosial\u00f8konomi, men fikk ikke lov av sin far.<\/p>\n<p>Hun vikarierte som l\u00e6rer p\u00e5 Fagerborg i 1923-24, og 1926-27, hadde derefter et utenlandsopphold i Frankrike.Efter bryllup\u00a0med Edvard 14. august 1928 bodde de i Stockholm og G\u00f8teborg i to \u00e5r, 1928-30, Larvik 1930-33, og Oslo i Almeveien 22 fra 1933-46. Far, Edvard, ble da rektor i Drammen, og familien flyttet dit. F\u00f8rst til L\u00f8kkebergveien 14, s\u00e5 Solbakken 29, og etter at far d\u00f8de bodde mor noen \u00e5r i J\u00f8rgen Moes gate 8 f\u00f8r hun flyttet tilbake til Oslo i 1969.<\/p>\n<p>Min mor, og ogs\u00e5 fru Krogsrud, var sekret\u00e6rer for det trebinds leseverket for realskolen som ble gitt ut (Eitrems) \u2013 Kalt Eitrem, Stang og Krogsruds leseverk, benyttet over det ganske land.\u00a0 Ellers var mor konsulent for forlag, og ikke minst \u00abHusmorbladet\u00bb som var organet for Norges Husmorforbund, 1948-1966. Hun skrev mange artikler om sosiale sp\u00f8rsm\u00e5l, og var fra midten av 1960-tallet meget opptatt av EF (EU) og Romatraktaten, og utfoldet en voldsom skrivelyst om denne offentlig.<\/p>\n<p>Mor gjorde en stor innsats for Norges Husmorforbund. Hun hadde mange tillitsverv opp gjennom \u00e5rene. Blant annet var hun formann i ferielovkomiteen. I 1965 ble hun \u00e6resmedlem i husmorforbundet.\u00a0 Hun var medlem i Statens Arbeidstilsynsr\u00e5d 1948 \u2013 69, og medlem i komiteen for revisjon av hushjelploven, 1954-60. Hun fikk Kongens fortjenestemedalje i gull i 1964 for sosialt arbeid.<\/p>\n<p>&nbsp;<\/p>\n<p>&nbsp;<\/p>\n<p>&nbsp;<\/p>\n<p>&nbsp;<\/p>\n<p><strong>F<\/strong><\/p>\n<p>&nbsp;<\/p>\n","protected":false},"excerpt":{"rendered":"<p>&nbsp; Gunvor Stang Min mor var f\u00f8dt 9. mai 1903 i Oslo, og d\u00f8de 1. oktober 1985 i Oslo. Foreldre var Hans L\u00f8drup, ( 1876 \u2013 1951 ), cand theol 1900, L\u00e6rer, prest og overl\u00e6rer ved Fagerborg og senere, fra 1930, rektor p\u00e5 Berg gymnas, Oslo. Hennes mor var Margit Eline Huseby f\u00f8dt p\u00e5 Grimelund [&hellip;]<\/p>\n","protected":false},"author":4,"featured_media":0,"parent":12,"menu_order":0,"comment_status":"closed","ping_status":"closed","template":"","meta":[],"_links":{"self":[{"href":"https:\/\/estang.no\/index.php?rest_route=\/wp\/v2\/pages\/178"}],"collection":[{"href":"https:\/\/estang.no\/index.php?rest_route=\/wp\/v2\/pages"}],"about":[{"href":"https:\/\/estang.no\/index.php?rest_route=\/wp\/v2\/types\/page"}],"author":[{"embeddable":true,"href":"https:\/\/estang.no\/index.php?rest_route=\/wp\/v2\/users\/4"}],"replies":[{"embeddable":true,"href":"https:\/\/estang.no\/index.php?rest_route=%2Fwp%2Fv2%2Fcomments&post=178"}],"version-history":[{"count":6,"href":"https:\/\/estang.no\/index.php?rest_route=\/wp\/v2\/pages\/178\/revisions"}],"predecessor-version":[{"id":253,"href":"https:\/\/estang.no\/index.php?rest_route=\/wp\/v2\/pages\/178\/revisions\/253"}],"up":[{"embeddable":true,"href":"https:\/\/estang.no\/index.php?rest_route=\/wp\/v2\/pages\/12"}],"wp:attachment":[{"href":"https:\/\/estang.no\/index.php?rest_route=%2Fwp%2Fv2%2Fmedia&parent=178"}],"curies":[{"name":"wp","href":"https:\/\/api.w.org\/{rel}","templated":true}]}}