{"id":175,"date":"2014-09-17T10:04:44","date_gmt":"2014-09-17T09:04:44","guid":{"rendered":"http:\/\/estang.no\/?page_id=175"},"modified":"2014-09-22T08:48:06","modified_gmt":"2014-09-22T07:48:06","slug":"far","status":"publish","type":"page","link":"https:\/\/estang.no\/?page_id=175","title":{"rendered":"Far &#8211; Edvard"},"content":{"rendered":"<p>&nbsp;<\/p>\n<p><strong>Edvard Kristoffer Stang<\/strong><\/p>\n<p>min far, var f\u00f8dt 15. april 1902 i Kristiansand, Vest-Agder, og d\u00f8d 11. november 1962, i Drammen. Han var filolog og skolemann. Foreldre: Rektor Johan Ludvig Heyerdahl Stang (1874\u20131945) og Emilie (\u201cMilly\u201d) Charlotte Milberg (1876\u20131965). Gift med Gunvor L\u00f8drup f\u00f8dt. 9. mai 1903 d\u00f8d 1. oktober 1985 (datter av Hans L\u00f8drup (1876 \u2013 1951) og Margit Eline (Huseby) L\u00f8drup (1884 \u2013 1963). Min far vokste opp i Kristiansand og Hamar.<\/p>\n<p>Styremedlem i Det norske Studentersamfund 1923. Konservative Studentforening. Filologisk fomann, 1925 formann filologisk stud. S\u00e6rutvalg, medlem av Larvik skolestyre 1932, formann i Oslo krets av norsk lektorlag 1937, styremedlem i bym\u00e5lslaget 1938, r\u00e5dsmedlem i Foreningen Norden, sensor i norsk sprog ved sprog-historisk eksamen ved Universitet i Oslo fra 1938. Utdannet cand.philol. 1928, lektor ved Stockholms H\u00f8gskole i to \u00e5r, Larvik (1929 \u2013 31) Ris skole i Oslo 1931-45). Fra 1946 rektor ved Drammen Gymnas (Latinskolen).<\/p>\n<p>Medlem av Undervisningsr\u00e5det 1945-57, og R\u00e5det for Pedagogisk Seminar. Formann i fors\u00f8ksr\u00e5det for skoleverket 1954-57, medlem av Norsk Spr\u00e5knemd 1953-57.<\/p>\n<p>Han utga l\u00e6reb\u00f8ker og litteraturhistoriske arbeider, bl.a. Norges litteraturhistorie (1938 \u2013 et bind i verket \u00abde tusens hjems bibliotek\u00bb). Han nedla et betydelig arbeid i Foreningen Norden og Samordningsnemda for skoleverket. F\u00f8rste varamann til Stortinget for H\u00f8yre 1950-53.\u00a0 Konsulent for J.W. Cappelens forlag i en \u00e5rrekke. Innehaver av Den svenske Nordstjerneordenen og Officer d`academie (fransk).<\/p>\n<p><strong>Utgitt bl.a.:<\/strong><\/p>\n<p>Norsk grammatikk til skolebruk sammen med Olav N\u00e6s (1934 og mange opplag)<\/p>\n<p>Norsk leseverk for realskolen(Eitrem) i tre bind sammen med Johs. Krogsrud,(1938).<\/p>\n<p>Svensk litteraturutvalg for norske skoler sammen med Chr. S. Mellbye (1935)<\/p>\n<p>Johan Herman Wessel (1942)<\/p>\n<p>Utvalg av Voltair og Rousseau (1947)<\/p>\n<p>Fra Diktningen i krigs\u00e5rene sammen med Johs Krogsrud(1948)<\/p>\n<p>Norges litteraturhistorie (1938)<\/p>\n<p>&nbsp;<\/p>\n","protected":false},"excerpt":{"rendered":"<p>&nbsp; Edvard Kristoffer Stang min far, var f\u00f8dt 15. april 1902 i Kristiansand, Vest-Agder, og d\u00f8d 11. november 1962, i Drammen. Han var filolog og skolemann. Foreldre: Rektor Johan Ludvig Heyerdahl Stang (1874\u20131945) og Emilie (\u201cMilly\u201d) Charlotte Milberg (1876\u20131965). Gift med Gunvor L\u00f8drup f\u00f8dt. 9. mai 1903 d\u00f8d 1. oktober 1985 (datter av Hans L\u00f8drup [&hellip;]<\/p>\n","protected":false},"author":4,"featured_media":0,"parent":12,"menu_order":0,"comment_status":"closed","ping_status":"closed","template":"","meta":[],"_links":{"self":[{"href":"https:\/\/estang.no\/index.php?rest_route=\/wp\/v2\/pages\/175"}],"collection":[{"href":"https:\/\/estang.no\/index.php?rest_route=\/wp\/v2\/pages"}],"about":[{"href":"https:\/\/estang.no\/index.php?rest_route=\/wp\/v2\/types\/page"}],"author":[{"embeddable":true,"href":"https:\/\/estang.no\/index.php?rest_route=\/wp\/v2\/users\/4"}],"replies":[{"embeddable":true,"href":"https:\/\/estang.no\/index.php?rest_route=%2Fwp%2Fv2%2Fcomments&post=175"}],"version-history":[{"count":4,"href":"https:\/\/estang.no\/index.php?rest_route=\/wp\/v2\/pages\/175\/revisions"}],"predecessor-version":[{"id":238,"href":"https:\/\/estang.no\/index.php?rest_route=\/wp\/v2\/pages\/175\/revisions\/238"}],"up":[{"embeddable":true,"href":"https:\/\/estang.no\/index.php?rest_route=\/wp\/v2\/pages\/12"}],"wp:attachment":[{"href":"https:\/\/estang.no\/index.php?rest_route=%2Fwp%2Fv2%2Fmedia&parent=175"}],"curies":[{"name":"wp","href":"https:\/\/api.w.org\/{rel}","templated":true}]}}