{"id":14,"date":"2013-12-13T10:37:02","date_gmt":"2013-12-13T09:37:02","guid":{"rendered":"http:\/\/local.estang.no\/?page_id=14"},"modified":"2018-09-10T14:41:39","modified_gmt":"2018-09-10T13:41:39","slug":"guide","status":"publish","type":"page","link":"https:\/\/estang.no\/?page_id=14","title":{"rendered":"Guide"},"content":{"rendered":"<p><span style=\"color: #0000ff;\"><strong>Autorisert Oslo-guide\u00a0<\/strong><\/span><\/p>\n<p>Som guide tar jeg oppdrag direkte, og via byr\u00e5er.<\/p>\n<p>Jeg er autorisert for guiding i Oslo p\u00e5 norsk og engelsk.<\/p>\n<p><span style=\"color: #0000ff;\">Klikk p\u00e5 &#8220;kontakt&#8221; \u00a0i menyen om du \u00f8nsker \u00e5 ta kontakt.<\/span><\/p>\n<p>Turer langs med Akerselven, by-vandringer, n\u00e6romr\u00e5det p\u00e5 T\u00e5sen og Ullev\u00e5l er tema jeg gjerne stiller opp for. Dessuten synes jeg det er interessant med museumsbes\u00f8k , spesielt de maritime: Fram, Gj\u00f8a, Kon.Tiki, Sj\u00f8fartsmuseet og Vikingskipene.<\/p>\n<p>Dog: utfordre meg gjerne!<\/p>\n<p>Jeg er \u00e5pen for \u00e5 sitte i buss og snakke, vandre i byen eller komme og k\u00e5sere og fortelle om noe i laget eller klubben.<\/p>\n<p>Det overrasket nok noen at jeg tok Oslo Guideforenings kurs for \u00e5 bli guide.\u00a0Kommunal eksamen er best\u00e5tt. Jeg fikk &#8220;n\u00e5la&#8221; i juni 2013. Jeg har hatt gleden av mange oppdrag i de siste \u00e5rene.<\/p>\n<p>\u00c5ret 1814 \u00a0preget 2014. I 2015 ,2016 og 2017 var det varierende oppdrag med hovedvekt p\u00e5 turister som kommer med cruiseb\u00e5t, men det var mye annet ogs\u00e5. 2018 har v\u00e6rt et noe roligere \u00e5r p\u00e5 grunn av hensynet til min helse, men<\/p>\n<p>Avtaleboken er \u00e5pen for avtaler!<\/p>\n","protected":false},"excerpt":{"rendered":"<p>Autorisert Oslo-guide\u00a0 Som guide tar jeg oppdrag direkte, og via byr\u00e5er. Jeg er autorisert for guiding i Oslo p\u00e5 norsk og engelsk. Klikk p\u00e5 &#8220;kontakt&#8221; \u00a0i menyen om du \u00f8nsker \u00e5 ta kontakt. Turer langs med Akerselven, by-vandringer, n\u00e6romr\u00e5det p\u00e5 T\u00e5sen og Ullev\u00e5l er tema jeg gjerne stiller opp for. Dessuten synes jeg det er [&hellip;]<\/p>\n","protected":false},"author":4,"featured_media":0,"parent":0,"menu_order":0,"comment_status":"open","ping_status":"open","template":"","meta":[],"_links":{"self":[{"href":"https:\/\/estang.no\/index.php?rest_route=\/wp\/v2\/pages\/14"}],"collection":[{"href":"https:\/\/estang.no\/index.php?rest_route=\/wp\/v2\/pages"}],"about":[{"href":"https:\/\/estang.no\/index.php?rest_route=\/wp\/v2\/types\/page"}],"author":[{"embeddable":true,"href":"https:\/\/estang.no\/index.php?rest_route=\/wp\/v2\/users\/4"}],"replies":[{"embeddable":true,"href":"https:\/\/estang.no\/index.php?rest_route=%2Fwp%2Fv2%2Fcomments&post=14"}],"version-history":[{"count":18,"href":"https:\/\/estang.no\/index.php?rest_route=\/wp\/v2\/pages\/14\/revisions"}],"predecessor-version":[{"id":326,"href":"https:\/\/estang.no\/index.php?rest_route=\/wp\/v2\/pages\/14\/revisions\/326"}],"wp:attachment":[{"href":"https:\/\/estang.no\/index.php?rest_route=%2Fwp%2Fv2%2Fmedia&parent=14"}],"curies":[{"name":"wp","href":"https:\/\/api.w.org\/{rel}","templated":true}]}}