{"id":12,"date":"2013-12-13T10:36:22","date_gmt":"2013-12-13T09:36:22","guid":{"rendered":"http:\/\/local.estang.no\/?page_id=12"},"modified":"2014-09-16T19:11:25","modified_gmt":"2014-09-16T18:11:25","slug":"familie","status":"publish","type":"page","link":"https:\/\/estang.no\/?page_id=12","title":{"rendered":"Familie &#038; slekt"},"content":{"rendered":"<p>Om familien har jeg tenkt \u00e5 legge ut noe ulikt efterhvert. Utgangspunktet fra meg er slektene Stang &amp; Milberg, og L\u00f8drup &amp; Husebye.<\/p>\n<p>Med tiden kommer det noe, men<\/p>\n<p>om du \u00f8nsker \u00e5 etablere en kontakt, s\u00e5 er du velkommen til det. G\u00e5 da til <span style=\"color: #008000;\">&#8220;Kontakt &#8211; Contact&#8221;<\/span> i menyen p\u00e5 venstre side, og send meg en epost.<\/p>\n<p>Jeg har \u00a0begynt med et slekts-program (BK), og f\u00f8rer inn det som er samlet \u00a0og skrevet ned av slektninger tidligere, p\u00e5 gamle m\u00e5ter,<\/p>\n<p>Tips og r\u00e5d er jeg takknemlig for \u00e5 motta.<\/p>\n","protected":false},"excerpt":{"rendered":"<p>Om familien har jeg tenkt \u00e5 legge ut noe ulikt efterhvert. Utgangspunktet fra meg er slektene Stang &amp; Milberg, og L\u00f8drup &amp; Husebye. Med tiden kommer det noe, men om du \u00f8nsker \u00e5 etablere en kontakt, s\u00e5 er du velkommen til det. G\u00e5 da til &#8220;Kontakt &#8211; Contact&#8221; i menyen p\u00e5 venstre side, og send [&hellip;]<\/p>\n","protected":false},"author":4,"featured_media":0,"parent":0,"menu_order":0,"comment_status":"open","ping_status":"open","template":"","meta":[],"_links":{"self":[{"href":"https:\/\/estang.no\/index.php?rest_route=\/wp\/v2\/pages\/12"}],"collection":[{"href":"https:\/\/estang.no\/index.php?rest_route=\/wp\/v2\/pages"}],"about":[{"href":"https:\/\/estang.no\/index.php?rest_route=\/wp\/v2\/types\/page"}],"author":[{"embeddable":true,"href":"https:\/\/estang.no\/index.php?rest_route=\/wp\/v2\/users\/4"}],"replies":[{"embeddable":true,"href":"https:\/\/estang.no\/index.php?rest_route=%2Fwp%2Fv2%2Fcomments&post=12"}],"version-history":[{"count":7,"href":"https:\/\/estang.no\/index.php?rest_route=\/wp\/v2\/pages\/12\/revisions"}],"predecessor-version":[{"id":170,"href":"https:\/\/estang.no\/index.php?rest_route=\/wp\/v2\/pages\/12\/revisions\/170"}],"wp:attachment":[{"href":"https:\/\/estang.no\/index.php?rest_route=%2Fwp%2Fv2%2Fmedia&parent=12"}],"curies":[{"name":"wp","href":"https:\/\/api.w.org\/{rel}","templated":true}]}}